{"id":19,"date":"2023-09-26T11:20:02","date_gmt":"2023-09-26T09:20:02","guid":{"rendered":"https:\/\/bne.rub.de\/?page_id=19"},"modified":"2025-06-06T12:22:43","modified_gmt":"2025-06-06T10:22:43","slug":"fuer-lehrende","status":"publish","type":"page","link":"https:\/\/bne.rub.de\/index.php\/fuer-lehrende\/","title":{"rendered":"Lehrende"},"content":{"rendered":"\t\t<div data-elementor-type=\"wp-page\" data-elementor-id=\"19\" class=\"elementor elementor-19\">\n\t\t\t\t<div class=\"elementor-element elementor-element-f1da518 e-flex e-con-boxed e-con e-parent\" data-id=\"f1da518\" data-element_type=\"container\">\n\t\t\t\t\t<div class=\"e-con-inner\">\n\t\t\t\t\t<\/div>\n\t\t\t\t<\/div>\n\t\t<div class=\"elementor-element elementor-element-9eff4cf e-flex e-con-boxed e-con e-parent\" data-id=\"9eff4cf\" data-element_type=\"container\" id=\"lehrende\">\n\t\t\t\t\t<div class=\"e-con-inner\">\n\t\t\t\t<div class=\"elementor-element elementor-element-283d7c1 elementor-widget elementor-widget-heading\" data-id=\"283d7c1\" data-element_type=\"widget\" data-widget_type=\"heading.default\">\n\t\t\t\t<div class=\"elementor-widget-container\">\n\t\t\t\t\t<h3 class=\"elementor-heading-title elementor-size-default\">F\u00fcr Lehrende<\/h3>\t\t\t\t<\/div>\n\t\t\t\t<\/div>\n\t\t\t\t<div class=\"elementor-element elementor-element-87d2dcd elementor-widget elementor-widget-text-editor\" data-id=\"87d2dcd\" data-element_type=\"widget\" data-widget_type=\"text-editor.default\">\n\t\t\t\t<div class=\"elementor-widget-container\">\n\t\t\t\t\t\t\t\t\t<p class=\"cvGsUA direction-ltr align-start para-style-body\"><span style=\"font-size: 14pt;\"><span class=\"OYPEnA text-decoration-none text-strikethrough-none\">Wir beraten Sie zu Fragen rund um BNE in Ihrer Lehrveranstaltung, <\/span><span class=\"OYPEnA text-strikethrough-none text-decoration-underline\">melden Sie sich<\/span> gerne bei uns.<\/span><\/p>\t\t\t\t\t\t\t\t<\/div>\n\t\t\t\t<\/div>\n\t\t\t\t<div class=\"elementor-element elementor-element-117e402 elementor-align-left elementor-widget elementor-widget-button\" data-id=\"117e402\" data-element_type=\"widget\" data-widget_type=\"button.default\">\n\t\t\t\t<div class=\"elementor-widget-container\">\n\t\t\t\t\t\t\t\t\t<div class=\"elementor-button-wrapper\">\n\t\t\t\t\t<a class=\"elementor-button elementor-button-link elementor-size-md elementor-animation-grow\" href=\"https:\/\/bne.rub.de\/#kontakt\">\n\t\t\t\t\t\t<span class=\"elementor-button-content-wrapper\">\n\t\t\t\t\t\t<span class=\"elementor-button-icon\">\n\t\t\t\t<i aria-hidden=\"true\" class=\"far fa-envelope\"><\/i>\t\t\t<\/span>\n\t\t\t\t\t\t\t\t\t<span class=\"elementor-button-text\">Kontakt<\/span>\n\t\t\t\t\t<\/span>\n\t\t\t\t\t<\/a>\n\t\t\t\t<\/div>\n\t\t\t\t\t\t\t\t<\/div>\n\t\t\t\t<\/div>\n\t\t\t\t<div class=\"elementor-element elementor-element-4f479d1 elementor-widget elementor-widget-text-editor\" data-id=\"4f479d1\" data-element_type=\"widget\" data-widget_type=\"text-editor.default\">\n\t\t\t\t<div class=\"elementor-widget-container\">\n\t\t\t\t\t\t\t\t\t<p><strong><span style=\"font-size: 14pt;\">Informationen zu BNE und Tipps f\u00fcr die Lehre finden Sie auch im <a href=\"https:\/\/lehreladen.rub.de\/lehrformate-methoden\/bne\/\" target=\"_blank\" rel=\"noopener\">Lehreladen<\/a>.<\/span><\/strong><\/p>\t\t\t\t\t\t\t\t<\/div>\n\t\t\t\t<\/div>\n\t\t\t\t<div class=\"elementor-element elementor-element-1a0c0fc elementor-widget elementor-widget-text-editor\" data-id=\"1a0c0fc\" data-element_type=\"widget\" data-widget_type=\"text-editor.default\">\n\t\t\t\t<div class=\"elementor-widget-container\">\n\t\t\t\t\t\t\t\t\t<p class=\"cvGsUA direction-ltr align-start para-style-body\"><span class=\"OYPEnA text-decoration-none text-strikethrough-none\">Unterst\u00fctzung durch BNE-Tutor*innen im WiSe 2025\/26<\/span><\/p>\t\t\t\t\t\t\t\t<\/div>\n\t\t\t\t<\/div>\n\t\t\t\t<div class=\"elementor-element elementor-element-a0b5ea3 elementor-widget elementor-widget-image\" data-id=\"a0b5ea3\" data-element_type=\"widget\" data-widget_type=\"image.default\">\n\t\t\t\t<div class=\"elementor-widget-container\">\n\t\t\t\t\t\t\t\t\t\t\t\t\t\t\t<img fetchpriority=\"high\" decoding=\"async\" width=\"768\" height=\"1086\" src=\"https:\/\/bne.rub.de\/wp-content\/uploads\/2025\/02\/Werbung-BNE-TutorInnen-Lehrende-2025-768x1086.png\" class=\"attachment-medium_large size-medium_large wp-image-1115\" alt=\"\" srcset=\"https:\/\/bne.rub.de\/wp-content\/uploads\/2025\/02\/Werbung-BNE-TutorInnen-Lehrende-2025-768x1086.png 768w, https:\/\/bne.rub.de\/wp-content\/uploads\/2025\/02\/Werbung-BNE-TutorInnen-Lehrende-2025-212x300.png 212w, https:\/\/bne.rub.de\/wp-content\/uploads\/2025\/02\/Werbung-BNE-TutorInnen-Lehrende-2025-724x1024.png 724w, https:\/\/bne.rub.de\/wp-content\/uploads\/2025\/02\/Werbung-BNE-TutorInnen-Lehrende-2025-1086x1536.png 1086w, https:\/\/bne.rub.de\/wp-content\/uploads\/2025\/02\/Werbung-BNE-TutorInnen-Lehrende-2025.png 1414w\" sizes=\"(max-width: 768px) 100vw, 768px\" \/>\t\t\t\t\t\t\t\t\t\t\t\t\t\t\t<\/div>\n\t\t\t\t<\/div>\n\t\t\t\t<div class=\"elementor-element elementor-element-d919c82 elementor-widget elementor-widget-text-editor\" data-id=\"d919c82\" data-element_type=\"widget\" data-widget_type=\"text-editor.default\">\n\t\t\t\t<div class=\"elementor-widget-container\">\n\t\t\t\t\t\t\t\t\t<p class=\"cvGsUA direction-ltr align-start para-style-body\"><span class=\"OYPEnA text-decoration-none text-strikethrough-none\"><strong>Das erwartet Sie: <\/strong><br \/><\/span><\/p><ul><li>Ein oder zwei Studierenden beraten Sie im Vorfeld und w\u00e4hrend des Semesters bei der Gestaltung einer konkreten Lehrveranstaltung zu nachhaltigkeitsbezogenen Inhalten und BNE-spezifischen Methoden (dabei ist es unerheblich, ob die Veranstaltung schon nachhaltigketisbezogenen Aspekte aufweist)<\/li><li>Die Studierenden \u00fcbernehmen nach Absprache einzelne Teile einer Sitzung Ihrer Veranstaltung oder auch eine gesamte Sitzung<\/li><li>Sie bekommen im Austausch mit den Studierenden neue Impulse f\u00fcr Ihre Lehre \u00fcber die einzelne Veranstaltung hinaus<\/li><\/ul><p><strong>Das wird von Ihnen erwartet:<\/strong><\/p><ul><li>Offenheit f\u00fcr die Ideen und Vorschl\u00e4ge der Tutor*innen zur Ver\u00e4nderung Ihrer Veranstaltung<\/li><li>Bereischaft, Teile der Veranstaltung in die H\u00e4nde der Tutor*innen zu geben<\/li><li>Freude daran mit Studierenden auf Augenh\u00f6he \u00fcber die eigene Lehre zu sprechen<\/li><li>Zeit zur Beratung mit den Studierenden im Vorfeld des Semesters und f\u00fcr konsktruktive R\u00fcckmeldungen an die Studierenden am Ende der Zusammenarbeit<\/li><\/ul><p>Die Studierenden werden in einem Blockseminar zu BNE-Tutor*innen ausgebildet und w\u00e4hrend des Semesters beraten und begleitet.<\/p>\t\t\t\t\t\t\t\t<\/div>\n\t\t\t\t<\/div>\n\t\t\t\t<div class=\"elementor-element elementor-element-50f994d elementor-widget elementor-widget-text-editor\" data-id=\"50f994d\" data-element_type=\"widget\" data-widget_type=\"text-editor.default\">\n\t\t\t\t<div class=\"elementor-widget-container\">\n\t\t\t\t\t\t\t\t\t<p class=\"cvGsUA direction-ltr align-start para-style-body\"><span class=\"OYPEnA text-decoration-none text-strikethrough-none\">BNE konkret! Fortbildungsreihe f\u00fcr Lehrende<br \/><\/span><\/p>\t\t\t\t\t\t\t\t<\/div>\n\t\t\t\t<\/div>\n\t\t\t\t<div class=\"elementor-element elementor-element-acdd143 elementor-widget elementor-widget-text-editor\" data-id=\"acdd143\" data-element_type=\"widget\" data-widget_type=\"text-editor.default\">\n\t\t\t\t<div class=\"elementor-widget-container\">\n\t\t\t\t\t\t\t\t\t<p><span style=\"font-size: 14pt;\">Sie wollen einen ersten Einblick in BNE erhalten oder konkrete Ideen zur Umsetzung bekommen? Dann ist BNE konkret! das richtige Angebot f\u00fcr Sie.<\/span><\/p>\t\t\t\t\t\t\t\t<\/div>\n\t\t\t\t<\/div>\n\t\t\t\t<div class=\"elementor-element elementor-element-f02213b elementor-widget elementor-widget-image\" data-id=\"f02213b\" data-element_type=\"widget\" data-widget_type=\"image.default\">\n\t\t\t\t<div class=\"elementor-widget-container\">\n\t\t\t\t\t\t\t\t\t\t\t\t\t\t\t<img decoding=\"async\" width=\"768\" height=\"1086\" src=\"https:\/\/bne.rub.de\/wp-content\/uploads\/2024\/12\/BNE-konkret-erweitert-768x1086.png\" class=\"attachment-medium_large size-medium_large wp-image-1093\" alt=\"Plakat BNE konkret!\" srcset=\"https:\/\/bne.rub.de\/wp-content\/uploads\/2024\/12\/BNE-konkret-erweitert-768x1086.png 768w, https:\/\/bne.rub.de\/wp-content\/uploads\/2024\/12\/BNE-konkret-erweitert-212x300.png 212w, https:\/\/bne.rub.de\/wp-content\/uploads\/2024\/12\/BNE-konkret-erweitert-724x1024.png 724w, https:\/\/bne.rub.de\/wp-content\/uploads\/2024\/12\/BNE-konkret-erweitert-1086x1536.png 1086w, https:\/\/bne.rub.de\/wp-content\/uploads\/2024\/12\/BNE-konkret-erweitert.png 1414w\" sizes=\"(max-width: 768px) 100vw, 768px\" \/>\t\t\t\t\t\t\t\t\t\t\t\t\t\t\t<\/div>\n\t\t\t\t<\/div>\n\t\t\t\t\t<\/div>\n\t\t\t\t<\/div>\n\t\t\t\t<\/div>\n\t\t","protected":false},"excerpt":{"rendered":"<p>F\u00fcr Lehrende Wir beraten Sie zu Fragen rund um BNE in Ihrer Lehrveranstaltung, melden Sie sich gerne bei uns. Kontakt Informationen zu BNE und Tipps f\u00fcr die Lehre finden Sie auch im Lehreladen. Unterst\u00fctzung durch BNE-Tutor*innen im WiSe 2025\/26 Das erwartet Sie: Ein oder zwei Studierenden beraten Sie im Vorfeld und w\u00e4hrend des Semesters bei [&hellip;]<\/p>\n","protected":false},"author":2,"featured_media":0,"parent":0,"menu_order":0,"comment_status":"closed","ping_status":"closed","template":"","meta":{"ocean_post_layout":"full-screen","ocean_both_sidebars_style":"","ocean_both_sidebars_content_width":0,"ocean_both_sidebars_sidebars_width":0,"ocean_sidebar":"","ocean_second_sidebar":"","ocean_disable_margins":"enable","ocean_add_body_class":"","ocean_shortcode_before_top_bar":"","ocean_shortcode_after_top_bar":"","ocean_shortcode_before_header":"","ocean_shortcode_after_header":"","ocean_has_shortcode":"","ocean_shortcode_after_title":"","ocean_shortcode_before_footer_widgets":"","ocean_shortcode_after_footer_widgets":"","ocean_shortcode_before_footer_bottom":"","ocean_shortcode_after_footer_bottom":"","ocean_display_top_bar":"off","ocean_display_header":"default","ocean_header_style":"minimal","ocean_center_header_left_menu":"","ocean_custom_header_template":"","ocean_custom_logo":11,"ocean_custom_retina_logo":0,"ocean_custom_logo_max_width":0,"ocean_custom_logo_tablet_max_width":0,"ocean_custom_logo_mobile_max_width":0,"ocean_custom_logo_max_height":0,"ocean_custom_logo_tablet_max_height":0,"ocean_custom_logo_mobile_max_height":0,"ocean_header_custom_menu":"","ocean_menu_typo_font_family":"","ocean_menu_typo_font_subset":"","ocean_menu_typo_font_size":0,"ocean_menu_typo_font_size_tablet":0,"ocean_menu_typo_font_size_mobile":0,"ocean_menu_typo_font_size_unit":"px","ocean_menu_typo_font_weight":"","ocean_menu_typo_font_weight_tablet":"","ocean_menu_typo_font_weight_mobile":"","ocean_menu_typo_transform":"","ocean_menu_typo_transform_tablet":"","ocean_menu_typo_transform_mobile":"","ocean_menu_typo_line_height":0,"ocean_menu_typo_line_height_tablet":0,"ocean_menu_typo_line_height_mobile":0,"ocean_menu_typo_line_height_unit":"","ocean_menu_typo_spacing":0,"ocean_menu_typo_spacing_tablet":0,"ocean_menu_typo_spacing_mobile":0,"ocean_menu_typo_spacing_unit":"","ocean_menu_link_color":"","ocean_menu_link_color_hover":"","ocean_menu_link_color_active":"","ocean_menu_link_background":"","ocean_menu_link_hover_background":"","ocean_menu_link_active_background":"","ocean_menu_social_links_bg":"","ocean_menu_social_hover_links_bg":"","ocean_menu_social_links_color":"","ocean_menu_social_hover_links_color":"","ocean_disable_title":"on","ocean_disable_heading":"default","ocean_post_title":"","ocean_post_subheading":"","ocean_post_title_style":"","ocean_post_title_background_color":"","ocean_post_title_background":0,"ocean_post_title_bg_image_position":"","ocean_post_title_bg_image_attachment":"","ocean_post_title_bg_image_repeat":"","ocean_post_title_bg_image_size":"","ocean_post_title_height":0,"ocean_post_title_bg_overlay":0.5,"ocean_post_title_bg_overlay_color":"","ocean_disable_breadcrumbs":"default","ocean_breadcrumbs_color":"","ocean_breadcrumbs_separator_color":"","ocean_breadcrumbs_links_color":"","ocean_breadcrumbs_links_hover_color":"","ocean_display_footer_widgets":"off","ocean_display_footer_bottom":"off","ocean_custom_footer_template":"","footnotes":""},"class_list":["post-19","page","type-page","status-publish","hentry","entry"],"_links":{"self":[{"href":"https:\/\/bne.rub.de\/index.php\/wp-json\/wp\/v2\/pages\/19","targetHints":{"allow":["GET"]}}],"collection":[{"href":"https:\/\/bne.rub.de\/index.php\/wp-json\/wp\/v2\/pages"}],"about":[{"href":"https:\/\/bne.rub.de\/index.php\/wp-json\/wp\/v2\/types\/page"}],"author":[{"embeddable":true,"href":"https:\/\/bne.rub.de\/index.php\/wp-json\/wp\/v2\/users\/2"}],"replies":[{"embeddable":true,"href":"https:\/\/bne.rub.de\/index.php\/wp-json\/wp\/v2\/comments?post=19"}],"version-history":[{"count":144,"href":"https:\/\/bne.rub.de\/index.php\/wp-json\/wp\/v2\/pages\/19\/revisions"}],"predecessor-version":[{"id":1140,"href":"https:\/\/bne.rub.de\/index.php\/wp-json\/wp\/v2\/pages\/19\/revisions\/1140"}],"wp:attachment":[{"href":"https:\/\/bne.rub.de\/index.php\/wp-json\/wp\/v2\/media?parent=19"}],"curies":[{"name":"wp","href":"https:\/\/api.w.org\/{rel}","templated":true}]}}